{"id":2577,"date":"2024-09-01T14:58:45","date_gmt":"2024-09-01T14:58:45","guid":{"rendered":"https:\/\/pedesign.store\/?page_id=2577"},"modified":"2025-04-03T18:33:05","modified_gmt":"2025-04-03T18:33:05","slug":"refund-and-return-policy","status":"publish","type":"page","link":"https:\/\/accountingtools.us\/it\/refund-and-return-policy\/","title":{"rendered":"Criteri di rimborso e reso"},"content":{"rendered":"<div data-elementor-type=\"wp-page\" data-elementor-id=\"2577\" class=\"elementor elementor-2577\" data-elementor-post-type=\"page\">\n\t\t\t\t<div class=\"elementor-element elementor-element-d22e068 e-flex e-con-boxed e-con e-parent\" data-id=\"d22e068\" data-element_type=\"container\">\n\t\t\t\t\t<div class=\"e-con-inner\">\n\t\t\t\t<div class=\"elementor-element elementor-element-dd4ca87 elementor-widget elementor-widget-heading\" data-id=\"dd4ca87\" data-element_type=\"widget\" data-widget_type=\"heading.default\">\n\t\t\t\t<div class=\"elementor-widget-container\">\n\t\t\t\t\t<h1 class=\"elementor-heading-title elementor-size-default\">Politica di Reso e Rimborso<\/h1>\t\t\t\t<\/div>\n\t\t\t\t<\/div>\n\t\t\t\t<div class=\"elementor-element elementor-element-f43e75c elementor-widget__width-inherit elementor-widget elementor-widget-text-editor\" data-id=\"f43e75c\" data-element_type=\"widget\" data-widget_type=\"text-editor.default\">\n\t\t\t\t<div class=\"elementor-widget-container\">\n\t\t\t\t\t\t\t\t\t<h2><strong>1. Informazioni generali<\/strong><\/h2><p>At <strong>TheSoft<\/strong>, Ci impegniamo a fornire software di alta qualit\u00e0 per soddisfare le esigenze dei nostri clienti. Prima di effettuare un acquisto, ti invitiamo a leggere attentamente la descrizione del prodotto e i requisiti tecnici per assicurarti che il software sia adatto al tuo utilizzo.<\/p><h2><strong>2. Nessun diritto di recesso<\/strong><\/h2><p>In conformit\u00e0 con le leggi applicabili alla vendita di prodotti digitali, <strong>I software scaricati e attivati non sono n\u00e9 scambiabili n\u00e9 rimborsabili.<\/strong>Una volta che il software \u00e8 stato scaricato, l'acquisto <strong>non pu\u00f2 essere annullato o rimborsato<\/strong>, eccetto nei casi previsti dalla nostra politica di rimborso.<\/p><h2><strong>3. Condizioni di rimborso<\/strong><\/h2><p>Un rimborso pu\u00f2 essere concesso solo nelle seguenti situazioni:<\/p><ul><li><p><strong>Problema tecnico dimostrato<\/strong>: Se il software presenta un malfunzionamento che ne impedisce l'uso e <strong>il nostro team di assistenza tecnica non \u00e8 in grado di risolvere il problema.<\/strong> entro un periodo di tempo ragionevole.<\/p><\/li><li><p><strong>Errore di fatturazione<\/strong>: In caso di pagamenti duplicati o errori di fatturazione, verr\u00e0 emesso un rimborso dopo la verifica.<\/p><\/li><li><p><strong>Mancata ricezione del prodotto<\/strong>: Se, dopo il pagamento, non ricevi il link per il download o la chiave di attivazione entro un determinato periodo <strong>24 ore<\/strong>, e il nostro team di assistenza non \u00e8 in grado di risolvere il problema.<\/p><\/li><\/ul><h2><strong>4. Casi non rimborsabili<\/strong><\/h2><ul><li><p><strong>Cambio di idea<\/strong>: Una volta effettuato l'acquisto, <strong>non \u00e8 possibile annullare l'ordine<\/strong> semplicemente perch\u00e9 non si desidera pi\u00f9 utilizzare il software.<\/p><\/li><li><p><strong>Incompatibilit\u00e0 con il tuo sistema<\/strong>: \u00c8 tua responsabilit\u00e0 verificare la compatibilit\u00e0 del software con il tuo dispositivo prima dell'acquisto.<\/p><\/li><li><p><strong>Uso parziale o mancato uso<\/strong>: Il fatto che non hai utilizzato o scaricato il software <strong>non costituisce un motivo valido<\/strong> per un rimborso.<\/p><\/li><\/ul><h2><strong>5. Procedura di richiesta di rimborso<\/strong><\/h2><p>Se ritieni di avere diritto a un rimborso, segui questi passaggi:<\/p><ol><li><p><strong>Contatta il nostro team di assistenza<\/strong> A <b>thesoft364@gmail.com <\/b>e fornisci:<\/p><ul><li><p>Il tuo <strong>numero d'ordine<\/strong><\/p><\/li><li><p>Una <strong>spiegazione dettagliata del problema<\/strong><\/p><\/li><li><p>qualsiasi <strong>prova rilevante<\/strong> (schermata, messaggio di errore, ecc.)<\/p><\/li><\/ul><\/li><li><p><strong>Esame della tua richiesta<\/strong>: Il nostro team analizzer\u00e0 la tua richiesta entro <strong>3 a 5 giorni lavorativi<\/strong> e ti comunicher\u00e0 la decisione.<\/p><\/li><li><p><strong>Elaborazione del rimborso<\/strong>: Se la tua richiesta viene approvata, il rimborso verr\u00e0 elaborato entro <strong>7 giorni lavorativi<\/strong> attraverso lo stesso metodo di pagamento utilizzato per l'acquisto.<\/p><\/li><\/ol><h2><strong>6. Contatto<\/strong><\/h2><p>Per qualsiasi domanda riguardante la nostra politica di reso e rimborso, puoi contattarci a <strong>thesoft364@gmail.com<\/strong>.<\/p>\t\t\t\t\t\t\t\t<\/div>\n\t\t\t\t<\/div>\n\t\t\t\t\t<\/div>\n\t\t\t\t<\/div>\n\t\t\t\t<\/div>","protected":false},"excerpt":{"rendered":"<p>Return and Refund Policy 1. General Information At TheSoft, we are committed to providing high-quality software to meet our customers&#8217; needs. Before making a purchase, we encourage you to carefully read the product description and technical requirements to ensure that the software is suitable for your use. 2. No Right of Withdrawal In accordance with [&hellip;]<\/p>","protected":false},"author":1,"featured_media":0,"parent":0,"menu_order":0,"comment_status":"closed","ping_status":"closed","template":"elementor_header_footer","meta":{"footnotes":""},"class_list":["post-2577","page","type-page","status-publish","hentry"],"_links":{"self":[{"href":"https:\/\/accountingtools.us\/it\/wp-json\/wp\/v2\/pages\/2577","targetHints":{"allow":["GET"]}}],"collection":[{"href":"https:\/\/accountingtools.us\/it\/wp-json\/wp\/v2\/pages"}],"about":[{"href":"https:\/\/accountingtools.us\/it\/wp-json\/wp\/v2\/types\/page"}],"author":[{"embeddable":true,"href":"https:\/\/accountingtools.us\/it\/wp-json\/wp\/v2\/users\/1"}],"replies":[{"embeddable":true,"href":"https:\/\/accountingtools.us\/it\/wp-json\/wp\/v2\/comments?post=2577"}],"version-history":[{"count":52,"href":"https:\/\/accountingtools.us\/it\/wp-json\/wp\/v2\/pages\/2577\/revisions"}],"predecessor-version":[{"id":5158,"href":"https:\/\/accountingtools.us\/it\/wp-json\/wp\/v2\/pages\/2577\/revisions\/5158"}],"wp:attachment":[{"href":"https:\/\/accountingtools.us\/it\/wp-json\/wp\/v2\/media?parent=2577"}],"curies":[{"name":"wp","href":"https:\/\/api.w.org\/{rel}","templated":true}]}}